{"id":3268,"date":"2019-02-24T13:04:49","date_gmt":"2019-02-24T12:04:49","guid":{"rendered":"http:\/\/www.penzionhorazdovice.cz\/?page_id=3268"},"modified":"2019-02-24T14:57:36","modified_gmt":"2019-02-24T13:57:36","slug":"uvod","status":"publish","type":"page","link":"https:\/\/www.penzionhorazdovice.cz\/uvod-2\/uvod\/","title":{"rendered":"Home"},"content":{"rendered":"","protected":false},"excerpt":{"rendered":"","protected":false},"author":1,"featured_media":0,"parent":0,"menu_order":0,"comment_status":"closed","ping_status":"closed","template":"","meta":{"footnotes":""},"class_list":["post-3268","page","type-page","status-publish","hentry"],"yoast_head":"<!-- This site is optimized with the Yoast SEO plugin v24.7 - https:\/\/yoast.com\/wordpress\/plugins\/seo\/ -->\n<title>Home - Penzion Houba Hora\u017e\u010fovice<\/title>\n<meta name=\"robots\" content=\"index, follow, max-snippet:-1, max-image-preview:large, max-video-preview:-1\" \/>\n<link rel=\"canonical\" href=\"https:\/\/www.penzionhorazdovice.cz\/uvod-2\/uvod\/\" \/>\n<meta property=\"og:locale\" content=\"cs_CZ\" \/>\n<meta property=\"og:type\" content=\"article\" \/>\n<meta property=\"og:title\" content=\"Home - Penzion Houba Hora\u017e\u010fovice\" \/>\n<meta property=\"og:url\" content=\"https:\/\/www.penzionhorazdovice.cz\/uvod-2\/uvod\/\" \/>\n<meta property=\"og:site_name\" content=\"Penzion Houba Hora\u017e\u010fovice\" \/>\n<meta property=\"article:publisher\" content=\"https:\/\/www.facebook.com\/groups\/126645690738590\/\" \/>\n<meta property=\"article:modified_time\" content=\"2019-02-24T13:57:36+00:00\" \/>\n<meta name=\"twitter:card\" content=\"summary_large_image\" \/>\n<script type=\"application\/ld+json\" class=\"yoast-schema-graph\">{\"@context\":\"https:\/\/schema.org\",\"@graph\":[{\"@type\":\"WebPage\",\"@id\":\"https:\/\/www.penzionhorazdovice.cz\/uvod-2\/uvod\/\",\"url\":\"https:\/\/www.penzionhorazdovice.cz\/uvod-2\/uvod\/\",\"name\":\"Home - Penzion Houba Hora\u017e\u010fovice\",\"isPartOf\":{\"@id\":\"https:\/\/www.penzionhorazdovice.cz\/uvod-2\/#website\"},\"datePublished\":\"2019-02-24T12:04:49+00:00\",\"dateModified\":\"2019-02-24T13:57:36+00:00\",\"breadcrumb\":{\"@id\":\"https:\/\/www.penzionhorazdovice.cz\/uvod-2\/uvod\/#breadcrumb\"},\"inLanguage\":\"cs\",\"potentialAction\":[{\"@type\":\"ReadAction\",\"target\":[\"https:\/\/www.penzionhorazdovice.cz\/uvod-2\/uvod\/\"]}]},{\"@type\":\"BreadcrumbList\",\"@id\":\"https:\/\/www.penzionhorazdovice.cz\/uvod-2\/uvod\/#breadcrumb\",\"itemListElement\":[{\"@type\":\"ListItem\",\"position\":1,\"name\":\"Dom\u016f\",\"item\":\"https:\/\/www.penzionhorazdovice.cz\/uvod-2\/\"},{\"@type\":\"ListItem\",\"position\":2,\"name\":\"Home\"}]},{\"@type\":\"WebSite\",\"@id\":\"https:\/\/www.penzionhorazdovice.cz\/uvod-2\/#website\",\"url\":\"https:\/\/www.penzionhorazdovice.cz\/uvod-2\/\",\"name\":\"Penzion Houba\",\"description\":\"Ubytov\u00e1n\u00ed v Po\u0161umav\u00ed\",\"potentialAction\":[{\"@type\":\"SearchAction\",\"target\":{\"@type\":\"EntryPoint\",\"urlTemplate\":\"https:\/\/www.penzionhorazdovice.cz\/uvod-2\/?s={search_term_string}\"},\"query-input\":{\"@type\":\"PropertyValueSpecification\",\"valueRequired\":true,\"valueName\":\"search_term_string\"}}],\"inLanguage\":\"cs\"}]}<\/script>\n<!-- \/ Yoast SEO plugin. -->","yoast_head_json":{"title":"Home - Penzion Houba Hora\u017e\u010fovice","robots":{"index":"index","follow":"follow","max-snippet":"max-snippet:-1","max-image-preview":"max-image-preview:large","max-video-preview":"max-video-preview:-1"},"canonical":"https:\/\/www.penzionhorazdovice.cz\/uvod-2\/uvod\/","og_locale":"cs_CZ","og_type":"article","og_title":"Home - Penzion Houba Hora\u017e\u010fovice","og_url":"https:\/\/www.penzionhorazdovice.cz\/uvod-2\/uvod\/","og_site_name":"Penzion Houba Hora\u017e\u010fovice","article_publisher":"https:\/\/www.facebook.com\/groups\/126645690738590\/","article_modified_time":"2019-02-24T13:57:36+00:00","twitter_card":"summary_large_image","schema":{"@context":"https:\/\/schema.org","@graph":[{"@type":"WebPage","@id":"https:\/\/www.penzionhorazdovice.cz\/uvod-2\/uvod\/","url":"https:\/\/www.penzionhorazdovice.cz\/uvod-2\/uvod\/","name":"Home - Penzion Houba Hora\u017e\u010fovice","isPartOf":{"@id":"https:\/\/www.penzionhorazdovice.cz\/uvod-2\/#website"},"datePublished":"2019-02-24T12:04:49+00:00","dateModified":"2019-02-24T13:57:36+00:00","breadcrumb":{"@id":"https:\/\/www.penzionhorazdovice.cz\/uvod-2\/uvod\/#breadcrumb"},"inLanguage":"cs","potentialAction":[{"@type":"ReadAction","target":["https:\/\/www.penzionhorazdovice.cz\/uvod-2\/uvod\/"]}]},{"@type":"BreadcrumbList","@id":"https:\/\/www.penzionhorazdovice.cz\/uvod-2\/uvod\/#breadcrumb","itemListElement":[{"@type":"ListItem","position":1,"name":"Dom\u016f","item":"https:\/\/www.penzionhorazdovice.cz\/uvod-2\/"},{"@type":"ListItem","position":2,"name":"Home"}]},{"@type":"WebSite","@id":"https:\/\/www.penzionhorazdovice.cz\/uvod-2\/#website","url":"https:\/\/www.penzionhorazdovice.cz\/uvod-2\/","name":"Penzion Houba","description":"Ubytov\u00e1n\u00ed v Po\u0161umav\u00ed","potentialAction":[{"@type":"SearchAction","target":{"@type":"EntryPoint","urlTemplate":"https:\/\/www.penzionhorazdovice.cz\/uvod-2\/?s={search_term_string}"},"query-input":{"@type":"PropertyValueSpecification","valueRequired":true,"valueName":"search_term_string"}}],"inLanguage":"cs"}]}},"_links":{"self":[{"href":"https:\/\/www.penzionhorazdovice.cz\/uvod-2\/wp-json\/wp\/v2\/pages\/3268","targetHints":{"allow":["GET"]}}],"collection":[{"href":"https:\/\/www.penzionhorazdovice.cz\/uvod-2\/wp-json\/wp\/v2\/pages"}],"about":[{"href":"https:\/\/www.penzionhorazdovice.cz\/uvod-2\/wp-json\/wp\/v2\/types\/page"}],"author":[{"embeddable":true,"href":"https:\/\/www.penzionhorazdovice.cz\/uvod-2\/wp-json\/wp\/v2\/users\/1"}],"replies":[{"embeddable":true,"href":"https:\/\/www.penzionhorazdovice.cz\/uvod-2\/wp-json\/wp\/v2\/comments?post=3268"}],"version-history":[{"count":2,"href":"https:\/\/www.penzionhorazdovice.cz\/uvod-2\/wp-json\/wp\/v2\/pages\/3268\/revisions"}],"predecessor-version":[{"id":3270,"href":"https:\/\/www.penzionhorazdovice.cz\/uvod-2\/wp-json\/wp\/v2\/pages\/3268\/revisions\/3270"}],"wp:attachment":[{"href":"https:\/\/www.penzionhorazdovice.cz\/uvod-2\/wp-json\/wp\/v2\/media?parent=3268"}],"curies":[{"name":"wp","href":"https:\/\/api.w.org\/{rel}","templated":true}]}}