{"id":499,"date":"2019-02-05T20:23:06","date_gmt":"2019-02-05T19:23:06","guid":{"rendered":"http:\/\/www.penzionhorazdovice.cz\/uvod_new\/"},"modified":"2026-02-24T17:54:14","modified_gmt":"2026-02-24T16:54:14","slug":"uvod-2","status":"publish","type":"page","link":"https:\/\/www.penzionhorazdovice.cz\/uvod-2\/","title":{"rendered":"\u00davod"},"content":{"rendered":"\n<div class=\"wp-block-cover has-custom-content-position is-position-bottom-right is-light\" style=\"min-height:265px;aspect-ratio:unset;\"><img loading=\"lazy\" decoding=\"async\" width=\"1024\" height=\"401\" class=\"wp-block-cover__image-background wp-image-6240\" alt=\"\" src=\"https:\/\/www.penzionhorazdovice.cz\/wp-content\/uploads\/2019\/02\/cropped-cropped-houba3_web4-1-1024x401.jpg\" data-object-fit=\"cover\" srcset=\"https:\/\/www.penzionhorazdovice.cz\/wp-content\/uploads\/2019\/02\/cropped-cropped-houba3_web4-1-1024x401.jpg 1024w, https:\/\/www.penzionhorazdovice.cz\/wp-content\/uploads\/2019\/02\/cropped-cropped-houba3_web4-1-300x117.jpg 300w, https:\/\/www.penzionhorazdovice.cz\/wp-content\/uploads\/2019\/02\/cropped-cropped-houba3_web4-1-150x59.jpg 150w, https:\/\/www.penzionhorazdovice.cz\/wp-content\/uploads\/2019\/02\/cropped-cropped-houba3_web4-1-768x301.jpg 768w, https:\/\/www.penzionhorazdovice.cz\/wp-content\/uploads\/2019\/02\/cropped-cropped-houba3_web4-1-1536x601.jpg 1536w, https:\/\/www.penzionhorazdovice.cz\/wp-content\/uploads\/2019\/02\/cropped-cropped-houba3_web4-1.jpg 2000w\" sizes=\"auto, (max-width: 1024px) 100vw, 1024px\" \/><span aria-hidden=\"true\" class=\"wp-block-cover__background has-background-dim\"><\/span><div class=\"wp-block-cover__inner-container is-layout-flow wp-block-cover-is-layout-flow\">\n<p><\/p>\n<\/div><\/div>\n\n\n\n<p class=\"has-large-font-size\"><strong>V\u00edtejte v na\u0161em penzionu!<\/strong><\/p>\n\n\n\n<p>Rezervujte si ubytov\u00e1n\u00ed u n\u00e1s, v penzionu s rodinnou atmosf\u00e9rou. U\u017eijte si svou dovolenou nebo slu\u017eebn\u00ed cestu v  m\u011bste\u010dku Hora\u017e\u010fovice s pam\u00e1tkami, sportovn\u00edm vy\u017eit\u00edm, coby kamenem dohodil k bran\u00e1m kouzeln\u00e9 \u0160umavy.<\/p>\n\n\n\n<p>Nab\u00edz\u00edme <strong>9 pokoj\u016f<\/strong> (pokoje jsou 1 &#8211; 4l\u016f\u017ekov\u00e9 s vlastn\u00ed koupelnou a toaletou) a<strong> 3 bungalovy<\/strong> (ka\u017ed\u00fd je vybaven 5 l\u016f\u017eky, koupelnou a kuchy\u0148sk\u00fdm koutem).<\/p>\n\n\n\n<p>Nov\u011b na\u0161i host\u00e9 mohou vyu\u017e\u00edt <strong>dv\u011b nab\u00edjec\u00ed stanice pro elektromobily<\/strong> na uzav\u0159en\u00e9m parkovi\u0161ti v are\u00e1lu penzionu.<\/p>\n\n\n\n<p>Kontakt pro ov\u011b\u0159en\u00ed voln\u00e9 kapacity je <a href=\"https:\/\/www.penzionhorazdovice.cz\/uvod-2\/kontakty\/\">zde<\/a>.<\/p>\n\n\n\n<p><strong>L\u00e9to: to je turistika, kola, lesy, louky, stud\u00e1nky, houby, bor\u016fvky, \u0161um\u011bn\u00ed vody, slunce, odpo\u010dinek, toulky p\u0159\u00edrodou i objevov\u00e1n\u00ed kr\u00e1s malebn\u00fdch m\u011bstsk\u00fdch z\u00e1kout\u00ed&#8230;<\/strong><\/p>\n\n\n\n<p><strong>\u200b<\/strong><strong>Zima: to jsou proch\u00e1zky v&nbsp;podz\u00e1m\u010d\u00ed, bl\u00edzkost \u0161umavsk\u00fdch stezek pro b\u011b\u017eky i sjezdovky, rodinn\u00e9 z\u00e1zem\u00ed, v\u00fdlety po okol\u00ed, koulov\u00e1n\u00ed, skota\u010den\u00ed v&nbsp;aquaparku, relax v&nbsp;saun\u011b\u2026<\/strong><\/p>\n\n\n\n<p><strong>Po cel\u00fd rok: odpo\u010dinek, z\u00e1bava a z\u00e1\u017eitky, spousta z\u00e1\u017eitk\u016f!<\/strong><\/p>\n\n\n\n<p><\/p>\n\n\n\n<h2 class=\"wp-block-heading\">T\u011b\u0161\u00edme se na Va\u0161\u00ed n\u00e1v\u0161t\u011bvu!<\/h2>\n\n\n\n<p><\/p>\n\n\n\n<p><\/p>\n","protected":false},"excerpt":{"rendered":"<p>V\u00edtejte v na\u0161em penzionu! Rezervujte si ubytov\u00e1n\u00ed u n\u00e1s, v penzionu s rodinnou atmosf\u00e9rou. U\u017eijte si svou dovolenou nebo slu\u017eebn\u00ed cestu v m\u011bste\u010dku Hora\u017e\u010fovice s pam\u00e1tkami, sportovn\u00edm vy\u017eit\u00edm, coby kamenem dohodil k bran\u00e1m kouzeln\u00e9 \u0160umavy. Nab\u00edz\u00edme 9 pokoj\u016f (pokoje jsou 1 &#8211; 4l\u016f\u017ekov\u00e9 s vlastn\u00ed koupelnou a toaletou) a 3 bungalovy (ka\u017ed\u00fd je vybaven 5<\/p><\/div>\n<div class=\"blog-btn\"><a href=\"https:\/\/www.penzionhorazdovice.cz\/uvod-2\/\" class=\"home-blog-btn\">Read More<\/a><\/p>\n","protected":false},"author":1,"featured_media":0,"parent":0,"menu_order":0,"comment_status":"closed","ping_status":"closed","template":"","meta":{"footnotes":""},"class_list":["post-499","page","type-page","status-publish","hentry"],"yoast_head":"<!-- This site is optimized with the Yoast SEO plugin v24.7 - https:\/\/yoast.com\/wordpress\/plugins\/seo\/ -->\n<title>\u00davod - Penzion Houba Hora\u017e\u010fovice<\/title>\n<meta name=\"robots\" content=\"index, follow, max-snippet:-1, max-image-preview:large, max-video-preview:-1\" \/>\n<link rel=\"canonical\" href=\"https:\/\/www.penzionhorazdovice.cz\/uvod-2\/\" \/>\n<meta property=\"og:locale\" content=\"cs_CZ\" \/>\n<meta property=\"og:type\" content=\"article\" \/>\n<meta property=\"og:title\" content=\"\u00davod - Penzion Houba Hora\u017e\u010fovice\" \/>\n<meta property=\"og:description\" content=\"V\u00edtejte v na\u0161em penzionu! Rezervujte si ubytov\u00e1n\u00ed u n\u00e1s, v penzionu s rodinnou atmosf\u00e9rou. U\u017eijte si svou dovolenou nebo slu\u017eebn\u00ed cestu v m\u011bste\u010dku Hora\u017e\u010fovice s pam\u00e1tkami, sportovn\u00edm vy\u017eit\u00edm, coby kamenem dohodil k bran\u00e1m kouzeln\u00e9 \u0160umavy. Nab\u00edz\u00edme 9 pokoj\u016f (pokoje jsou 1 &#8211; 4l\u016f\u017ekov\u00e9 s vlastn\u00ed koupelnou a toaletou) a 3 bungalovy (ka\u017ed\u00fd je vybaven 5Read More\" \/>\n<meta property=\"og:url\" content=\"https:\/\/www.penzionhorazdovice.cz\/uvod-2\/\" \/>\n<meta property=\"og:site_name\" content=\"Penzion Houba Hora\u017e\u010fovice\" \/>\n<meta property=\"article:publisher\" content=\"https:\/\/www.facebook.com\/groups\/126645690738590\/\" \/>\n<meta property=\"article:modified_time\" content=\"2026-02-24T16:54:14+00:00\" \/>\n<meta property=\"og:image\" content=\"https:\/\/www.penzionhorazdovice.cz\/wp-content\/uploads\/2019\/02\/cropped-cropped-houba3_web4-1.jpg\" \/>\n\t<meta property=\"og:image:width\" content=\"2000\" \/>\n\t<meta property=\"og:image:height\" content=\"783\" \/>\n\t<meta property=\"og:image:type\" content=\"image\/jpeg\" \/>\n<meta name=\"twitter:card\" content=\"summary_large_image\" \/>\n<meta name=\"twitter:label1\" content=\"Odhadovan\u00e1 doba \u010dten\u00ed\" \/>\n\t<meta name=\"twitter:data1\" content=\"1 minuta\" \/>\n<script type=\"application\/ld+json\" class=\"yoast-schema-graph\">{\"@context\":\"https:\/\/schema.org\",\"@graph\":[{\"@type\":\"WebPage\",\"@id\":\"https:\/\/www.penzionhorazdovice.cz\/uvod-2\/\",\"url\":\"https:\/\/www.penzionhorazdovice.cz\/uvod-2\/\",\"name\":\"\u00davod - Penzion Houba Hora\u017e\u010fovice\",\"isPartOf\":{\"@id\":\"https:\/\/www.penzionhorazdovice.cz\/uvod-2\/#website\"},\"primaryImageOfPage\":{\"@id\":\"https:\/\/www.penzionhorazdovice.cz\/uvod-2\/#primaryimage\"},\"image\":{\"@id\":\"https:\/\/www.penzionhorazdovice.cz\/uvod-2\/#primaryimage\"},\"thumbnailUrl\":\"https:\/\/www.penzionhorazdovice.cz\/wp-content\/uploads\/2019\/02\/cropped-cropped-houba3_web4-1-1024x401.jpg\",\"datePublished\":\"2019-02-05T19:23:06+00:00\",\"dateModified\":\"2026-02-24T16:54:14+00:00\",\"breadcrumb\":{\"@id\":\"https:\/\/www.penzionhorazdovice.cz\/uvod-2\/#breadcrumb\"},\"inLanguage\":\"cs\",\"potentialAction\":[{\"@type\":\"ReadAction\",\"target\":[\"https:\/\/www.penzionhorazdovice.cz\/uvod-2\/\"]}]},{\"@type\":\"ImageObject\",\"inLanguage\":\"cs\",\"@id\":\"https:\/\/www.penzionhorazdovice.cz\/uvod-2\/#primaryimage\",\"url\":\"https:\/\/www.penzionhorazdovice.cz\/wp-content\/uploads\/2019\/02\/cropped-cropped-houba3_web4-1-1024x401.jpg\",\"contentUrl\":\"https:\/\/www.penzionhorazdovice.cz\/wp-content\/uploads\/2019\/02\/cropped-cropped-houba3_web4-1-1024x401.jpg\"},{\"@type\":\"BreadcrumbList\",\"@id\":\"https:\/\/www.penzionhorazdovice.cz\/uvod-2\/#breadcrumb\",\"itemListElement\":[{\"@type\":\"ListItem\",\"position\":1,\"name\":\"Dom\u016f\",\"item\":\"https:\/\/www.penzionhorazdovice.cz\/uvod-2\/\"},{\"@type\":\"ListItem\",\"position\":2,\"name\":\"\u00davod\"}]},{\"@type\":\"WebSite\",\"@id\":\"https:\/\/www.penzionhorazdovice.cz\/uvod-2\/#website\",\"url\":\"https:\/\/www.penzionhorazdovice.cz\/uvod-2\/\",\"name\":\"Penzion Houba\",\"description\":\"Ubytov\u00e1n\u00ed v Po\u0161umav\u00ed\",\"potentialAction\":[{\"@type\":\"SearchAction\",\"target\":{\"@type\":\"EntryPoint\",\"urlTemplate\":\"https:\/\/www.penzionhorazdovice.cz\/uvod-2\/?s={search_term_string}\"},\"query-input\":{\"@type\":\"PropertyValueSpecification\",\"valueRequired\":true,\"valueName\":\"search_term_string\"}}],\"inLanguage\":\"cs\"}]}<\/script>\n<!-- \/ Yoast SEO plugin. -->","yoast_head_json":{"title":"\u00davod - Penzion Houba Hora\u017e\u010fovice","robots":{"index":"index","follow":"follow","max-snippet":"max-snippet:-1","max-image-preview":"max-image-preview:large","max-video-preview":"max-video-preview:-1"},"canonical":"https:\/\/www.penzionhorazdovice.cz\/uvod-2\/","og_locale":"cs_CZ","og_type":"article","og_title":"\u00davod - Penzion Houba Hora\u017e\u010fovice","og_description":"V\u00edtejte v na\u0161em penzionu! Rezervujte si ubytov\u00e1n\u00ed u n\u00e1s, v penzionu s rodinnou atmosf\u00e9rou. U\u017eijte si svou dovolenou nebo slu\u017eebn\u00ed cestu v m\u011bste\u010dku Hora\u017e\u010fovice s pam\u00e1tkami, sportovn\u00edm vy\u017eit\u00edm, coby kamenem dohodil k bran\u00e1m kouzeln\u00e9 \u0160umavy. Nab\u00edz\u00edme 9 pokoj\u016f (pokoje jsou 1 &#8211; 4l\u016f\u017ekov\u00e9 s vlastn\u00ed koupelnou a toaletou) a 3 bungalovy (ka\u017ed\u00fd je vybaven 5Read More","og_url":"https:\/\/www.penzionhorazdovice.cz\/uvod-2\/","og_site_name":"Penzion Houba Hora\u017e\u010fovice","article_publisher":"https:\/\/www.facebook.com\/groups\/126645690738590\/","article_modified_time":"2026-02-24T16:54:14+00:00","og_image":[{"width":2000,"height":783,"url":"https:\/\/www.penzionhorazdovice.cz\/wp-content\/uploads\/2019\/02\/cropped-cropped-houba3_web4-1.jpg","type":"image\/jpeg"}],"twitter_card":"summary_large_image","twitter_misc":{"Odhadovan\u00e1 doba \u010dten\u00ed":"1 minuta"},"schema":{"@context":"https:\/\/schema.org","@graph":[{"@type":"WebPage","@id":"https:\/\/www.penzionhorazdovice.cz\/uvod-2\/","url":"https:\/\/www.penzionhorazdovice.cz\/uvod-2\/","name":"\u00davod - Penzion Houba Hora\u017e\u010fovice","isPartOf":{"@id":"https:\/\/www.penzionhorazdovice.cz\/uvod-2\/#website"},"primaryImageOfPage":{"@id":"https:\/\/www.penzionhorazdovice.cz\/uvod-2\/#primaryimage"},"image":{"@id":"https:\/\/www.penzionhorazdovice.cz\/uvod-2\/#primaryimage"},"thumbnailUrl":"https:\/\/www.penzionhorazdovice.cz\/wp-content\/uploads\/2019\/02\/cropped-cropped-houba3_web4-1-1024x401.jpg","datePublished":"2019-02-05T19:23:06+00:00","dateModified":"2026-02-24T16:54:14+00:00","breadcrumb":{"@id":"https:\/\/www.penzionhorazdovice.cz\/uvod-2\/#breadcrumb"},"inLanguage":"cs","potentialAction":[{"@type":"ReadAction","target":["https:\/\/www.penzionhorazdovice.cz\/uvod-2\/"]}]},{"@type":"ImageObject","inLanguage":"cs","@id":"https:\/\/www.penzionhorazdovice.cz\/uvod-2\/#primaryimage","url":"https:\/\/www.penzionhorazdovice.cz\/wp-content\/uploads\/2019\/02\/cropped-cropped-houba3_web4-1-1024x401.jpg","contentUrl":"https:\/\/www.penzionhorazdovice.cz\/wp-content\/uploads\/2019\/02\/cropped-cropped-houba3_web4-1-1024x401.jpg"},{"@type":"BreadcrumbList","@id":"https:\/\/www.penzionhorazdovice.cz\/uvod-2\/#breadcrumb","itemListElement":[{"@type":"ListItem","position":1,"name":"Dom\u016f","item":"https:\/\/www.penzionhorazdovice.cz\/uvod-2\/"},{"@type":"ListItem","position":2,"name":"\u00davod"}]},{"@type":"WebSite","@id":"https:\/\/www.penzionhorazdovice.cz\/uvod-2\/#website","url":"https:\/\/www.penzionhorazdovice.cz\/uvod-2\/","name":"Penzion Houba","description":"Ubytov\u00e1n\u00ed v Po\u0161umav\u00ed","potentialAction":[{"@type":"SearchAction","target":{"@type":"EntryPoint","urlTemplate":"https:\/\/www.penzionhorazdovice.cz\/uvod-2\/?s={search_term_string}"},"query-input":{"@type":"PropertyValueSpecification","valueRequired":true,"valueName":"search_term_string"}}],"inLanguage":"cs"}]}},"_links":{"self":[{"href":"https:\/\/www.penzionhorazdovice.cz\/uvod-2\/wp-json\/wp\/v2\/pages\/499","targetHints":{"allow":["GET"]}}],"collection":[{"href":"https:\/\/www.penzionhorazdovice.cz\/uvod-2\/wp-json\/wp\/v2\/pages"}],"about":[{"href":"https:\/\/www.penzionhorazdovice.cz\/uvod-2\/wp-json\/wp\/v2\/types\/page"}],"author":[{"embeddable":true,"href":"https:\/\/www.penzionhorazdovice.cz\/uvod-2\/wp-json\/wp\/v2\/users\/1"}],"replies":[{"embeddable":true,"href":"https:\/\/www.penzionhorazdovice.cz\/uvod-2\/wp-json\/wp\/v2\/comments?post=499"}],"version-history":[{"count":166,"href":"https:\/\/www.penzionhorazdovice.cz\/uvod-2\/wp-json\/wp\/v2\/pages\/499\/revisions"}],"predecessor-version":[{"id":18541,"href":"https:\/\/www.penzionhorazdovice.cz\/uvod-2\/wp-json\/wp\/v2\/pages\/499\/revisions\/18541"}],"wp:attachment":[{"href":"https:\/\/www.penzionhorazdovice.cz\/uvod-2\/wp-json\/wp\/v2\/media?parent=499"}],"curies":[{"name":"wp","href":"https:\/\/api.w.org\/{rel}","templated":true}]}}