{"id":519,"date":"2019-02-05T20:31:48","date_gmt":"2019-02-05T19:31:48","guid":{"rendered":"http:\/\/www.penzionhorazdovice.cz\/cenik_new\/"},"modified":"2026-02-24T17:55:45","modified_gmt":"2026-02-24T16:55:45","slug":"cenik","status":"publish","type":"page","link":"https:\/\/www.penzionhorazdovice.cz\/uvod-2\/cenik\/","title":{"rendered":"Cen\u00edk ubytov\u00e1n\u00ed"},"content":{"rendered":"<p><strong>550,- K\u010d \/ osoba \/ noc bez sn\u00eddan\u011b<br \/>\n2 500,- K\u010d \/ bungalov \/ noc (minim\u00e1ln\u00ed po\u010det noc\u00ed 2)<\/strong><br \/>\n<strong>140,- K\u010d \/ osoba \/ sn\u00eddan\u011b<br \/>\ndom\u00e1c\u00ed mazl\u00ed\u010dci pouze po p\u0159edb\u011b\u017en\u00e9 dohod\u011b &#8211; 200,- K\u010d \/ noc<\/strong><\/p>\n<p><strong><br \/>\n<\/strong>Ceny jsou uvedeny v\u010detn\u011b 12% DPH, platn\u00e9 od 1. 3. 2026.<\/p>\n<p><!-- .container --><br \/>\n<!-- .overlay --><\/p>\n","protected":false},"excerpt":{"rendered":"<p>550,- K\u010d \/ osoba \/ noc bez sn\u00eddan\u011b 2 500,- K\u010d \/ bungalov \/ noc (minim\u00e1ln\u00ed po\u010det noc\u00ed 2) 140,- K\u010d \/ osoba \/ sn\u00eddan\u011b dom\u00e1c\u00ed mazl\u00ed\u010dci pouze po p\u0159edb\u011b\u017en\u00e9 dohod\u011b &#8211; 200,- K\u010d \/ noc Ceny jsou uvedeny v\u010detn\u011b 12% DPH, platn\u00e9 od 1. 3. 2026.<\/p>\n","protected":false},"author":1,"featured_media":0,"parent":0,"menu_order":0,"comment_status":"closed","ping_status":"closed","template":"","meta":{"footnotes":""},"class_list":["post-519","page","type-page","status-publish","hentry"],"yoast_head":"<!-- This site is optimized with the Yoast SEO plugin v24.7 - https:\/\/yoast.com\/wordpress\/plugins\/seo\/ -->\n<title>Cen\u00edk ubytov\u00e1n\u00ed - Penzion Houba Hora\u017e\u010fovice<\/title>\n<meta name=\"robots\" content=\"index, follow, max-snippet:-1, max-image-preview:large, max-video-preview:-1\" \/>\n<link rel=\"canonical\" href=\"https:\/\/www.penzionhorazdovice.cz\/uvod-2\/cenik\/\" \/>\n<meta property=\"og:locale\" content=\"cs_CZ\" \/>\n<meta property=\"og:type\" content=\"article\" \/>\n<meta property=\"og:title\" content=\"Cen\u00edk ubytov\u00e1n\u00ed - Penzion Houba Hora\u017e\u010fovice\" \/>\n<meta property=\"og:description\" content=\"550,- K\u010d \/ osoba \/ noc bez sn\u00eddan\u011b 2 500,- K\u010d \/ bungalov \/ noc (minim\u00e1ln\u00ed po\u010det noc\u00ed 2) 140,- K\u010d \/ osoba \/ sn\u00eddan\u011b dom\u00e1c\u00ed mazl\u00ed\u010dci pouze po p\u0159edb\u011b\u017en\u00e9 dohod\u011b &#8211; 200,- K\u010d \/ noc Ceny jsou uvedeny v\u010detn\u011b 12% DPH, platn\u00e9 od 1. 3. 2026.\" \/>\n<meta property=\"og:url\" content=\"https:\/\/www.penzionhorazdovice.cz\/uvod-2\/cenik\/\" \/>\n<meta property=\"og:site_name\" content=\"Penzion Houba Hora\u017e\u010fovice\" \/>\n<meta property=\"article:publisher\" content=\"https:\/\/www.facebook.com\/groups\/126645690738590\/\" \/>\n<meta property=\"article:modified_time\" content=\"2026-02-24T16:55:45+00:00\" \/>\n<meta name=\"twitter:card\" content=\"summary_large_image\" \/>\n<meta name=\"twitter:label1\" content=\"Odhadovan\u00e1 doba \u010dten\u00ed\" \/>\n\t<meta name=\"twitter:data1\" content=\"1 minuta\" \/>\n<script type=\"application\/ld+json\" class=\"yoast-schema-graph\">{\"@context\":\"https:\/\/schema.org\",\"@graph\":[{\"@type\":\"WebPage\",\"@id\":\"https:\/\/www.penzionhorazdovice.cz\/uvod-2\/cenik\/\",\"url\":\"https:\/\/www.penzionhorazdovice.cz\/uvod-2\/cenik\/\",\"name\":\"Cen\u00edk ubytov\u00e1n\u00ed - Penzion Houba Hora\u017e\u010fovice\",\"isPartOf\":{\"@id\":\"https:\/\/www.penzionhorazdovice.cz\/uvod-2\/#website\"},\"datePublished\":\"2019-02-05T19:31:48+00:00\",\"dateModified\":\"2026-02-24T16:55:45+00:00\",\"breadcrumb\":{\"@id\":\"https:\/\/www.penzionhorazdovice.cz\/uvod-2\/cenik\/#breadcrumb\"},\"inLanguage\":\"cs\",\"potentialAction\":[{\"@type\":\"ReadAction\",\"target\":[\"https:\/\/www.penzionhorazdovice.cz\/uvod-2\/cenik\/\"]}]},{\"@type\":\"BreadcrumbList\",\"@id\":\"https:\/\/www.penzionhorazdovice.cz\/uvod-2\/cenik\/#breadcrumb\",\"itemListElement\":[{\"@type\":\"ListItem\",\"position\":1,\"name\":\"Dom\u016f\",\"item\":\"https:\/\/www.penzionhorazdovice.cz\/uvod-2\/\"},{\"@type\":\"ListItem\",\"position\":2,\"name\":\"Cen\u00edk ubytov\u00e1n\u00ed\"}]},{\"@type\":\"WebSite\",\"@id\":\"https:\/\/www.penzionhorazdovice.cz\/uvod-2\/#website\",\"url\":\"https:\/\/www.penzionhorazdovice.cz\/uvod-2\/\",\"name\":\"Penzion Houba\",\"description\":\"Ubytov\u00e1n\u00ed v Po\u0161umav\u00ed\",\"potentialAction\":[{\"@type\":\"SearchAction\",\"target\":{\"@type\":\"EntryPoint\",\"urlTemplate\":\"https:\/\/www.penzionhorazdovice.cz\/uvod-2\/?s={search_term_string}\"},\"query-input\":{\"@type\":\"PropertyValueSpecification\",\"valueRequired\":true,\"valueName\":\"search_term_string\"}}],\"inLanguage\":\"cs\"}]}<\/script>\n<!-- \/ Yoast SEO plugin. -->","yoast_head_json":{"title":"Cen\u00edk ubytov\u00e1n\u00ed - Penzion Houba Hora\u017e\u010fovice","robots":{"index":"index","follow":"follow","max-snippet":"max-snippet:-1","max-image-preview":"max-image-preview:large","max-video-preview":"max-video-preview:-1"},"canonical":"https:\/\/www.penzionhorazdovice.cz\/uvod-2\/cenik\/","og_locale":"cs_CZ","og_type":"article","og_title":"Cen\u00edk ubytov\u00e1n\u00ed - Penzion Houba Hora\u017e\u010fovice","og_description":"550,- K\u010d \/ osoba \/ noc bez sn\u00eddan\u011b 2 500,- K\u010d \/ bungalov \/ noc (minim\u00e1ln\u00ed po\u010det noc\u00ed 2) 140,- K\u010d \/ osoba \/ sn\u00eddan\u011b dom\u00e1c\u00ed mazl\u00ed\u010dci pouze po p\u0159edb\u011b\u017en\u00e9 dohod\u011b &#8211; 200,- K\u010d \/ noc Ceny jsou uvedeny v\u010detn\u011b 12% DPH, platn\u00e9 od 1. 3. 2026.","og_url":"https:\/\/www.penzionhorazdovice.cz\/uvod-2\/cenik\/","og_site_name":"Penzion Houba Hora\u017e\u010fovice","article_publisher":"https:\/\/www.facebook.com\/groups\/126645690738590\/","article_modified_time":"2026-02-24T16:55:45+00:00","twitter_card":"summary_large_image","twitter_misc":{"Odhadovan\u00e1 doba \u010dten\u00ed":"1 minuta"},"schema":{"@context":"https:\/\/schema.org","@graph":[{"@type":"WebPage","@id":"https:\/\/www.penzionhorazdovice.cz\/uvod-2\/cenik\/","url":"https:\/\/www.penzionhorazdovice.cz\/uvod-2\/cenik\/","name":"Cen\u00edk ubytov\u00e1n\u00ed - Penzion Houba Hora\u017e\u010fovice","isPartOf":{"@id":"https:\/\/www.penzionhorazdovice.cz\/uvod-2\/#website"},"datePublished":"2019-02-05T19:31:48+00:00","dateModified":"2026-02-24T16:55:45+00:00","breadcrumb":{"@id":"https:\/\/www.penzionhorazdovice.cz\/uvod-2\/cenik\/#breadcrumb"},"inLanguage":"cs","potentialAction":[{"@type":"ReadAction","target":["https:\/\/www.penzionhorazdovice.cz\/uvod-2\/cenik\/"]}]},{"@type":"BreadcrumbList","@id":"https:\/\/www.penzionhorazdovice.cz\/uvod-2\/cenik\/#breadcrumb","itemListElement":[{"@type":"ListItem","position":1,"name":"Dom\u016f","item":"https:\/\/www.penzionhorazdovice.cz\/uvod-2\/"},{"@type":"ListItem","position":2,"name":"Cen\u00edk ubytov\u00e1n\u00ed"}]},{"@type":"WebSite","@id":"https:\/\/www.penzionhorazdovice.cz\/uvod-2\/#website","url":"https:\/\/www.penzionhorazdovice.cz\/uvod-2\/","name":"Penzion Houba","description":"Ubytov\u00e1n\u00ed v Po\u0161umav\u00ed","potentialAction":[{"@type":"SearchAction","target":{"@type":"EntryPoint","urlTemplate":"https:\/\/www.penzionhorazdovice.cz\/uvod-2\/?s={search_term_string}"},"query-input":{"@type":"PropertyValueSpecification","valueRequired":true,"valueName":"search_term_string"}}],"inLanguage":"cs"}]}},"_links":{"self":[{"href":"https:\/\/www.penzionhorazdovice.cz\/uvod-2\/wp-json\/wp\/v2\/pages\/519","targetHints":{"allow":["GET"]}}],"collection":[{"href":"https:\/\/www.penzionhorazdovice.cz\/uvod-2\/wp-json\/wp\/v2\/pages"}],"about":[{"href":"https:\/\/www.penzionhorazdovice.cz\/uvod-2\/wp-json\/wp\/v2\/types\/page"}],"author":[{"embeddable":true,"href":"https:\/\/www.penzionhorazdovice.cz\/uvod-2\/wp-json\/wp\/v2\/users\/1"}],"replies":[{"embeddable":true,"href":"https:\/\/www.penzionhorazdovice.cz\/uvod-2\/wp-json\/wp\/v2\/comments?post=519"}],"version-history":[{"count":143,"href":"https:\/\/www.penzionhorazdovice.cz\/uvod-2\/wp-json\/wp\/v2\/pages\/519\/revisions"}],"predecessor-version":[{"id":18542,"href":"https:\/\/www.penzionhorazdovice.cz\/uvod-2\/wp-json\/wp\/v2\/pages\/519\/revisions\/18542"}],"wp:attachment":[{"href":"https:\/\/www.penzionhorazdovice.cz\/uvod-2\/wp-json\/wp\/v2\/media?parent=519"}],"curies":[{"name":"wp","href":"https:\/\/api.w.org\/{rel}","templated":true}]}}