{"id":704,"date":"2019-02-05T22:10:16","date_gmt":"2019-02-05T21:10:16","guid":{"rendered":"http:\/\/www.penzionhorazdovice.cz\/okoli_new\/"},"modified":"2019-11-01T11:56:16","modified_gmt":"2019-11-01T10:56:16","slug":"okoli","status":"publish","type":"page","link":"https:\/\/www.penzionhorazdovice.cz\/uvod-2\/okoli\/","title":{"rendered":"Okol\u00ed penzionu"},"content":{"rendered":"<p><strong>M\u011bste\u010dko Hora\u017e\u010fovice<\/strong> se rozkl\u00e1d\u00e1 na lev\u00e9m b\u0159ehu zlatonosn\u00e9 \u0159eky Otavy. Oded\u00e1vna je spojeno s histori\u00ed nedalek\u00e9 Pr\u00e1chn\u011b, je\u017e dala jm\u00e9no nejen hradu, kter\u00fd na n\u00ed st\u00e1l, ale i cel\u00e9mu kraji a tento n\u00e1zev \u2013 kraj Pr\u00e1che\u0148sk\u00fd \u2013 se udr\u017eel v podv\u011bdom\u00ed lidu a\u017e do dne\u0161n\u00ed doby. <img loading=\"lazy\" decoding=\"async\" class=\"size-medium wp-image-3121 alignright\" src=\"http:\/\/www.penzionhorazdovice.cz\/wp-content\/uploads\/2019\/02\/IMG_20180106_163008102-1-225x300.jpg\" alt=\"\" width=\"225\" height=\"300\" srcset=\"https:\/\/www.penzionhorazdovice.cz\/wp-content\/uploads\/2019\/02\/IMG_20180106_163008102-1-225x300.jpg 225w, https:\/\/www.penzionhorazdovice.cz\/wp-content\/uploads\/2019\/02\/IMG_20180106_163008102-1-768x1024.jpg 768w\" sizes=\"auto, (max-width: 225px) 100vw, 225px\" \/>Do 13. stolet\u00ed se Pr\u00e1che\u0148sk\u00fdm krajem rozum\u011bla oblast, kter\u00e1 zahrnovala p\u0159ibli\u017en\u011b dne\u0161n\u00ed Hora\u017e\u010fovicko, Su\u0161icko, Ka\u0161perskohorsko, Strakonicko a Vimpersko. V 15. stolet\u00ed ji\u017e zahrnoval i oblast Netolicka, P\u00edsecka a Blatenska. Hora\u017e\u010fovice jsou t\u0159et\u00edm nejv\u011bt\u0161\u00edm m\u011bstem b\u00fdval\u00e9ho Klatovsk\u00e9ho okresu.<\/p>\n<p>Mezi nejv\u00fdznamn\u011bj\u0161\u00ed historick\u00e9 pam\u00e1tky pat\u0159\u00ed bezesporu <strong>kostel sv. Petra a Pavla<\/strong> ji\u017e ze 13. stolet\u00ed, <strong>h\u0159bitovn\u00ed kostel sv. Jana K\u0159titele<\/strong> a <strong>kl\u00e1\u0161tern\u00ed kostel panny Marie<\/strong>. P\u0159\u00edmo v centru se nach\u00e1z\u00ed rozs\u00e1hl\u00fd are\u00e1l ji\u017e zm\u00edn\u011bn\u00e9ho z\u00e1mku, kde je um\u00edst\u011bno muzeum, knihovna, informa\u010dn\u00ed centrum, d\u016fm d\u011bt\u00ed a ml\u00e1de\u017ee a galerie. <strong><img loading=\"lazy\" decoding=\"async\" class=\" wp-image-3117 alignleft\" src=\"http:\/\/www.penzionhorazdovice.cz\/wp-content\/uploads\/2019\/02\/IMG_7860-e1550954308867-300x298.jpg\" alt=\"\" width=\"213\" height=\"211\" srcset=\"https:\/\/www.penzionhorazdovice.cz\/wp-content\/uploads\/2019\/02\/IMG_7860-e1550954308867-300x298.jpg 300w, https:\/\/www.penzionhorazdovice.cz\/wp-content\/uploads\/2019\/02\/IMG_7860-e1550954308867-150x150.jpg 150w, https:\/\/www.penzionhorazdovice.cz\/wp-content\/uploads\/2019\/02\/IMG_7860-e1550954308867-768x763.jpg 768w, https:\/\/www.penzionhorazdovice.cz\/wp-content\/uploads\/2019\/02\/IMG_7860-e1550954308867-1024x1017.jpg 1024w\" sizes=\"auto, (max-width: 213px) 100vw, 213px\" \/><\/strong><\/p>\n<p>Nedaleko Hora\u017e\u010fovic m\u016f\u017eete naj\u00edt b\u00fdval\u00e9 l\u00e1zn\u011b; l\u00e9\u010div\u00fd pramen zde vyt\u00e9k\u00e1 pod kapli\u010dkou <strong>sv. Anny<\/strong> dodnes.<\/p>\n<p><strong>Pr\u00e1che\u0148 &#8211; <\/strong>z\u0159\u00edcenina kdysi rozs\u00e1hl\u00e9ho hradu Pr\u00e1che\u0148, kter\u00fd v roce 1315 zde vystav\u011bl Bavor III. ze Strakonic. Nedaleko se nach\u00e1z\u00ed kostel sv. Klimenta \u2013 dev\u00e1t\u00fd k\u0159es\u0165ansk\u00fd kostel\u00edk v \u010cech\u00e1ch, z\u0159ejm\u011b vysv\u011bcen\u00fd samotn\u00fdm Metod\u011bjem.<\/p>\n<p><strong>Expozice lidov\u00e9 architektury v Chanovic\u00edch.<\/strong> Z\u00e1chrana ohro\u017een\u00fdch objekt\u016f lidov\u00e9ho stavitelstv\u00ed z jihoz\u00e1padn\u00edch \u010cech.<\/p>\n<p><strong>Hrad Rab\u00ed<\/strong> &#8211; hrad pat\u0159\u00ed <strong><img loading=\"lazy\" decoding=\"async\" class=\" wp-image-3126 alignright\" src=\"http:\/\/www.penzionhorazdovice.cz\/wp-content\/uploads\/2019\/02\/20150709_114438-e1550955069896-300x180.jpg\" alt=\"\" width=\"288\" height=\"173\" srcset=\"https:\/\/www.penzionhorazdovice.cz\/wp-content\/uploads\/2019\/02\/20150709_114438-e1550955069896-300x180.jpg 300w, https:\/\/www.penzionhorazdovice.cz\/wp-content\/uploads\/2019\/02\/20150709_114438-e1550955069896-768x461.jpg 768w, https:\/\/www.penzionhorazdovice.cz\/wp-content\/uploads\/2019\/02\/20150709_114438-e1550955069896-1024x614.jpg 1024w\" sizes=\"auto, (max-width: 288px) 100vw, 288px\" \/><\/strong>k nejmohutn\u011bj\u0161\u00edm\u00a0 a nejrozs\u00e1hlej\u0161\u00edm\u00a0st\u0159edov\u011bk\u00fdm hradn\u00edm stavb\u00e1m v \u010cech\u00e1ch. P\u016fvodn\u00ed hradn\u00ed j\u00e1dro vzniklo na po\u010d\u00e1tku 14. stolet\u00ed.<\/p>\n<p><strong>Hrad Strakonice<\/strong> &#8211; st\u0159edov\u011bk\u00fd hrad s gotickou v\u011b\u017e\u00ed Rump\u00e1l nezam\u011bnitelnou dominantu Strakonic. Hradn\u00ed safari a park.<\/p>\n<p><strong>Hrad a z\u00e1mek Velhartice<\/strong> &#8211; tento hrad byl zalo\u017een na p\u0159elomu 13. a 14. stolet\u00ed na skaln\u00edm ostrohu, obt\u00e9kan\u00e9m \u0159\u00ed\u010dkou Pstru\u017enou. Tento hrad si patrn\u011b jako rodov\u00e9 s\u00eddlo p\u00e1n\u016f z Velhartic po\u010dal stav\u011bt Bu\u0161ek star\u0161\u00ed z Velhartic, hrad dostavoval Bu\u0161ek mlad\u0161\u00ed, oba byli v\u011brn\u00ed a obl\u00edben\u00ed komorn\u00edci Karla IV.<\/p>\n<p><strong>Hrad Ka\u0161perk &#8211;\u00a0<\/strong>nejv\u00fd\u0161e polo\u017een\u00fd kr\u00e1lovsk\u00fd hrad v \u010cech\u00e1ch se nach\u00e1z\u00ed v malebn\u00e9m koutu \u0160umavy u nedalek\u00fdch, 3 km vzd\u00e1len\u00fdch, Ka\u0161persk\u00fdch Hor.<\/p>\n<p><strong>Pra\u0161ivice<\/strong> u Nal\u017eovsk\u00fdch Hor &#8211; um\u011bl\u00e1 z\u0159\u00edcenina, kopie irsk\u00e9ho hradu Ballymotte.<\/p>\n<p>Skaln\u00ed \u00fatvary upraven\u00e9 do podoby zv\u00ed\u0159at (<strong>\u017eelva, drak, \u017e\u00e1ba<\/strong>).<\/p>\n<p><strong>\u0158eka Otava<\/strong> vznik\u00e1 soutokem Vydry a K\u0159emeln\u00e9 u \u010ce\u0148kovy Pily, prot\u00e9k\u00e1 m\u011bsty Su\u0161ice, Hora\u017e\u010fovice, Strakonice, P\u00edsek a do Vltavy \u00fast\u00ed pod hradem Zv\u00edkov.<\/p>\n<p><strong>Z\u00e1mek \u017dichovice<\/strong> &#8211; opraven\u00fd renezan\u010dn\u00ed z\u00e1me\u010dek se slune\u010dn\u00edmi hodinami nedaleko hradu Rab\u00ed.<\/p>\n<p><strong>Nav\u0161tivte rozhledny:<\/strong><\/p>\n<ul>\n<li><a href=\"http:\/\/www.chanovice.cz\/index.php?page=800&amp;id=5497&amp;lang=cz&amp;task=on\">Rozhledna na vrchu Chlumu<\/a> se nach\u00e1z\u00ed u obce Chanovice, \u00a0v\u00fd\u0161ka rozhledny je 31 metr\u016f a k dosa\u017een\u00ed vyhl\u00eddky je t\u0159eba zdolat 136 schod\u016f.<\/li>\n<li><a href=\"http:\/\/www.rozhlednasvatobor.cz\/\">Rozhledna Svatobor<\/a> je kamenn\u00e1 turistick\u00e1 vyhl\u00eddkov\u00e1 v\u011b\u017e s turistickou chatou na vrcholu hory Svatobor, kter\u00e1 se nach\u00e1z\u00ed na severoz\u00e1pad\u011b \u0160umavsk\u00e9ho podh\u016f\u0159\u00ed a vytv\u00e1\u0159\u00ed p\u0159irozenou dominantu nad m\u011bstem Su\u0161ice.<\/li>\n<li>Necel\u00e9 4 km je od hradu Ka\u0161perk je <a href=\"http:\/\/www.rozhledna-nasedle.cz\/\">rozhledna na Sedle<\/a>. Jedn\u00e1 se o voln\u011b p\u0159\u00edstupnou rozhlednu s kr\u00e1sn\u00fdm v\u00fdhledem nejen na hrad Ka\u0161perk, ale i \u0160umavu a Po\u0161umav\u00ed.<\/li>\n<\/ul>\n<p><!-- .container --><strong><span style=\"color: #ff0000;\">Dal\u0161\u00ed tipy na v\u00fdlety najdete v \u010d\u00e1sti<\/span> <a href=\"http:\/\/www.penzionhorazdovice.cz\/cs\/sport-a-vylety\/\">Sport a v\u00fdlety<\/a>.<\/strong><!-- .overlay --><\/p>\n","protected":false},"excerpt":{"rendered":"<p>M\u011bste\u010dko Hora\u017e\u010fovice se rozkl\u00e1d\u00e1 na lev\u00e9m b\u0159ehu zlatonosn\u00e9 \u0159eky Otavy. Oded\u00e1vna je spojeno s histori\u00ed nedalek\u00e9 Pr\u00e1chn\u011b, je\u017e dala jm\u00e9no nejen hradu, kter\u00fd na n\u00ed st\u00e1l, ale i cel\u00e9mu kraji a tento n\u00e1zev \u2013 kraj Pr\u00e1che\u0148sk\u00fd \u2013 se udr\u017eel v podv\u011bdom\u00ed lidu a\u017e do dne\u0161n\u00ed doby. Do 13. stolet\u00ed se Pr\u00e1che\u0148sk\u00fdm krajem rozum\u011bla oblast, kter\u00e1<\/p><\/div>\n<div class=\"blog-btn\"><a href=\"https:\/\/www.penzionhorazdovice.cz\/uvod-2\/okoli\/\" class=\"home-blog-btn\">Read More<\/a><\/p>\n","protected":false},"author":1,"featured_media":0,"parent":0,"menu_order":0,"comment_status":"closed","ping_status":"closed","template":"","meta":{"footnotes":""},"class_list":["post-704","page","type-page","status-publish","hentry"],"yoast_head":"<!-- This site is optimized with the Yoast SEO plugin v24.7 - https:\/\/yoast.com\/wordpress\/plugins\/seo\/ -->\n<title>Okol\u00ed penzionu - Penzion Houba Hora\u017e\u010fovice<\/title>\n<meta name=\"robots\" content=\"index, follow, max-snippet:-1, max-image-preview:large, max-video-preview:-1\" \/>\n<link rel=\"canonical\" href=\"https:\/\/www.penzionhorazdovice.cz\/uvod-2\/okoli\/\" \/>\n<meta property=\"og:locale\" content=\"cs_CZ\" \/>\n<meta property=\"og:type\" content=\"article\" \/>\n<meta property=\"og:title\" content=\"Okol\u00ed penzionu - Penzion Houba Hora\u017e\u010fovice\" \/>\n<meta property=\"og:description\" content=\"M\u011bste\u010dko Hora\u017e\u010fovice se rozkl\u00e1d\u00e1 na lev\u00e9m b\u0159ehu zlatonosn\u00e9 \u0159eky Otavy. Oded\u00e1vna je spojeno s histori\u00ed nedalek\u00e9 Pr\u00e1chn\u011b, je\u017e dala jm\u00e9no nejen hradu, kter\u00fd na n\u00ed st\u00e1l, ale i cel\u00e9mu kraji a tento n\u00e1zev \u2013 kraj Pr\u00e1che\u0148sk\u00fd \u2013 se udr\u017eel v podv\u011bdom\u00ed lidu a\u017e do dne\u0161n\u00ed doby. Do 13. stolet\u00ed se Pr\u00e1che\u0148sk\u00fdm krajem rozum\u011bla oblast, kter\u00e1Read More\" \/>\n<meta property=\"og:url\" content=\"https:\/\/www.penzionhorazdovice.cz\/uvod-2\/okoli\/\" \/>\n<meta property=\"og:site_name\" content=\"Penzion Houba Hora\u017e\u010fovice\" \/>\n<meta property=\"article:publisher\" content=\"https:\/\/www.facebook.com\/groups\/126645690738590\/\" \/>\n<meta property=\"article:modified_time\" content=\"2019-11-01T10:56:16+00:00\" \/>\n<meta property=\"og:image\" content=\"http:\/\/www.penzionhorazdovice.cz\/wp-content\/uploads\/2019\/02\/IMG_20180106_163008102-1-225x300.jpg\" \/>\n<meta name=\"twitter:card\" content=\"summary_large_image\" \/>\n<meta name=\"twitter:label1\" content=\"Odhadovan\u00e1 doba \u010dten\u00ed\" \/>\n\t<meta name=\"twitter:data1\" content=\"3 minuty\" \/>\n<script type=\"application\/ld+json\" class=\"yoast-schema-graph\">{\"@context\":\"https:\/\/schema.org\",\"@graph\":[{\"@type\":\"WebPage\",\"@id\":\"https:\/\/www.penzionhorazdovice.cz\/uvod-2\/okoli\/\",\"url\":\"https:\/\/www.penzionhorazdovice.cz\/uvod-2\/okoli\/\",\"name\":\"Okol\u00ed penzionu - Penzion Houba Hora\u017e\u010fovice\",\"isPartOf\":{\"@id\":\"https:\/\/www.penzionhorazdovice.cz\/uvod-2\/#website\"},\"primaryImageOfPage\":{\"@id\":\"https:\/\/www.penzionhorazdovice.cz\/uvod-2\/okoli\/#primaryimage\"},\"image\":{\"@id\":\"https:\/\/www.penzionhorazdovice.cz\/uvod-2\/okoli\/#primaryimage\"},\"thumbnailUrl\":\"http:\/\/www.penzionhorazdovice.cz\/wp-content\/uploads\/2019\/02\/IMG_20180106_163008102-1-225x300.jpg\",\"datePublished\":\"2019-02-05T21:10:16+00:00\",\"dateModified\":\"2019-11-01T10:56:16+00:00\",\"breadcrumb\":{\"@id\":\"https:\/\/www.penzionhorazdovice.cz\/uvod-2\/okoli\/#breadcrumb\"},\"inLanguage\":\"cs\",\"potentialAction\":[{\"@type\":\"ReadAction\",\"target\":[\"https:\/\/www.penzionhorazdovice.cz\/uvod-2\/okoli\/\"]}]},{\"@type\":\"ImageObject\",\"inLanguage\":\"cs\",\"@id\":\"https:\/\/www.penzionhorazdovice.cz\/uvod-2\/okoli\/#primaryimage\",\"url\":\"http:\/\/www.penzionhorazdovice.cz\/wp-content\/uploads\/2019\/02\/IMG_20180106_163008102-1-225x300.jpg\",\"contentUrl\":\"http:\/\/www.penzionhorazdovice.cz\/wp-content\/uploads\/2019\/02\/IMG_20180106_163008102-1-225x300.jpg\"},{\"@type\":\"BreadcrumbList\",\"@id\":\"https:\/\/www.penzionhorazdovice.cz\/uvod-2\/okoli\/#breadcrumb\",\"itemListElement\":[{\"@type\":\"ListItem\",\"position\":1,\"name\":\"Dom\u016f\",\"item\":\"https:\/\/www.penzionhorazdovice.cz\/uvod-2\/\"},{\"@type\":\"ListItem\",\"position\":2,\"name\":\"Okol\u00ed penzionu\"}]},{\"@type\":\"WebSite\",\"@id\":\"https:\/\/www.penzionhorazdovice.cz\/uvod-2\/#website\",\"url\":\"https:\/\/www.penzionhorazdovice.cz\/uvod-2\/\",\"name\":\"Penzion Houba\",\"description\":\"Ubytov\u00e1n\u00ed v Po\u0161umav\u00ed\",\"potentialAction\":[{\"@type\":\"SearchAction\",\"target\":{\"@type\":\"EntryPoint\",\"urlTemplate\":\"https:\/\/www.penzionhorazdovice.cz\/uvod-2\/?s={search_term_string}\"},\"query-input\":{\"@type\":\"PropertyValueSpecification\",\"valueRequired\":true,\"valueName\":\"search_term_string\"}}],\"inLanguage\":\"cs\"}]}<\/script>\n<!-- \/ Yoast SEO plugin. -->","yoast_head_json":{"title":"Okol\u00ed penzionu - Penzion Houba Hora\u017e\u010fovice","robots":{"index":"index","follow":"follow","max-snippet":"max-snippet:-1","max-image-preview":"max-image-preview:large","max-video-preview":"max-video-preview:-1"},"canonical":"https:\/\/www.penzionhorazdovice.cz\/uvod-2\/okoli\/","og_locale":"cs_CZ","og_type":"article","og_title":"Okol\u00ed penzionu - Penzion Houba Hora\u017e\u010fovice","og_description":"M\u011bste\u010dko Hora\u017e\u010fovice se rozkl\u00e1d\u00e1 na lev\u00e9m b\u0159ehu zlatonosn\u00e9 \u0159eky Otavy. Oded\u00e1vna je spojeno s histori\u00ed nedalek\u00e9 Pr\u00e1chn\u011b, je\u017e dala jm\u00e9no nejen hradu, kter\u00fd na n\u00ed st\u00e1l, ale i cel\u00e9mu kraji a tento n\u00e1zev \u2013 kraj Pr\u00e1che\u0148sk\u00fd \u2013 se udr\u017eel v podv\u011bdom\u00ed lidu a\u017e do dne\u0161n\u00ed doby. Do 13. stolet\u00ed se Pr\u00e1che\u0148sk\u00fdm krajem rozum\u011bla oblast, kter\u00e1Read More","og_url":"https:\/\/www.penzionhorazdovice.cz\/uvod-2\/okoli\/","og_site_name":"Penzion Houba Hora\u017e\u010fovice","article_publisher":"https:\/\/www.facebook.com\/groups\/126645690738590\/","article_modified_time":"2019-11-01T10:56:16+00:00","og_image":[{"url":"http:\/\/www.penzionhorazdovice.cz\/wp-content\/uploads\/2019\/02\/IMG_20180106_163008102-1-225x300.jpg","type":"","width":"","height":""}],"twitter_card":"summary_large_image","twitter_misc":{"Odhadovan\u00e1 doba \u010dten\u00ed":"3 minuty"},"schema":{"@context":"https:\/\/schema.org","@graph":[{"@type":"WebPage","@id":"https:\/\/www.penzionhorazdovice.cz\/uvod-2\/okoli\/","url":"https:\/\/www.penzionhorazdovice.cz\/uvod-2\/okoli\/","name":"Okol\u00ed penzionu - Penzion Houba Hora\u017e\u010fovice","isPartOf":{"@id":"https:\/\/www.penzionhorazdovice.cz\/uvod-2\/#website"},"primaryImageOfPage":{"@id":"https:\/\/www.penzionhorazdovice.cz\/uvod-2\/okoli\/#primaryimage"},"image":{"@id":"https:\/\/www.penzionhorazdovice.cz\/uvod-2\/okoli\/#primaryimage"},"thumbnailUrl":"http:\/\/www.penzionhorazdovice.cz\/wp-content\/uploads\/2019\/02\/IMG_20180106_163008102-1-225x300.jpg","datePublished":"2019-02-05T21:10:16+00:00","dateModified":"2019-11-01T10:56:16+00:00","breadcrumb":{"@id":"https:\/\/www.penzionhorazdovice.cz\/uvod-2\/okoli\/#breadcrumb"},"inLanguage":"cs","potentialAction":[{"@type":"ReadAction","target":["https:\/\/www.penzionhorazdovice.cz\/uvod-2\/okoli\/"]}]},{"@type":"ImageObject","inLanguage":"cs","@id":"https:\/\/www.penzionhorazdovice.cz\/uvod-2\/okoli\/#primaryimage","url":"http:\/\/www.penzionhorazdovice.cz\/wp-content\/uploads\/2019\/02\/IMG_20180106_163008102-1-225x300.jpg","contentUrl":"http:\/\/www.penzionhorazdovice.cz\/wp-content\/uploads\/2019\/02\/IMG_20180106_163008102-1-225x300.jpg"},{"@type":"BreadcrumbList","@id":"https:\/\/www.penzionhorazdovice.cz\/uvod-2\/okoli\/#breadcrumb","itemListElement":[{"@type":"ListItem","position":1,"name":"Dom\u016f","item":"https:\/\/www.penzionhorazdovice.cz\/uvod-2\/"},{"@type":"ListItem","position":2,"name":"Okol\u00ed penzionu"}]},{"@type":"WebSite","@id":"https:\/\/www.penzionhorazdovice.cz\/uvod-2\/#website","url":"https:\/\/www.penzionhorazdovice.cz\/uvod-2\/","name":"Penzion Houba","description":"Ubytov\u00e1n\u00ed v Po\u0161umav\u00ed","potentialAction":[{"@type":"SearchAction","target":{"@type":"EntryPoint","urlTemplate":"https:\/\/www.penzionhorazdovice.cz\/uvod-2\/?s={search_term_string}"},"query-input":{"@type":"PropertyValueSpecification","valueRequired":true,"valueName":"search_term_string"}}],"inLanguage":"cs"}]}},"_links":{"self":[{"href":"https:\/\/www.penzionhorazdovice.cz\/uvod-2\/wp-json\/wp\/v2\/pages\/704","targetHints":{"allow":["GET"]}}],"collection":[{"href":"https:\/\/www.penzionhorazdovice.cz\/uvod-2\/wp-json\/wp\/v2\/pages"}],"about":[{"href":"https:\/\/www.penzionhorazdovice.cz\/uvod-2\/wp-json\/wp\/v2\/types\/page"}],"author":[{"embeddable":true,"href":"https:\/\/www.penzionhorazdovice.cz\/uvod-2\/wp-json\/wp\/v2\/users\/1"}],"replies":[{"embeddable":true,"href":"https:\/\/www.penzionhorazdovice.cz\/uvod-2\/wp-json\/wp\/v2\/comments?post=704"}],"version-history":[{"count":142,"href":"https:\/\/www.penzionhorazdovice.cz\/uvod-2\/wp-json\/wp\/v2\/pages\/704\/revisions"}],"predecessor-version":[{"id":5704,"href":"https:\/\/www.penzionhorazdovice.cz\/uvod-2\/wp-json\/wp\/v2\/pages\/704\/revisions\/5704"}],"wp:attachment":[{"href":"https:\/\/www.penzionhorazdovice.cz\/uvod-2\/wp-json\/wp\/v2\/media?parent=704"}],"curies":[{"name":"wp","href":"https:\/\/api.w.org\/{rel}","templated":true}]}}