{"id":706,"date":"2019-02-05T22:10:51","date_gmt":"2019-02-05T21:10:51","guid":{"rendered":"http:\/\/www.penzionhorazdovice.cz\/sport-a-vylety_new\/"},"modified":"2026-02-24T17:22:35","modified_gmt":"2026-02-24T16:22:35","slug":"sport-a-vylety","status":"publish","type":"page","link":"https:\/\/www.penzionhorazdovice.cz\/uvod-2\/sport-a-vylety\/","title":{"rendered":"Za sportem a na v\u00fdlety"},"content":{"rendered":"<p><strong>P\u016fj\u010dovna lod\u00ed a p\u0159\u00edslu\u0161enstv\u00ed<\/strong> \u2013 <a href=\"http:\/\/pujcovnalodiotava.cz\" target=\"_blank\" rel=\"noopener noreferrer\">P\u016fj\u010dovna lod\u00ed Otava<\/a><\/p>\n<p><img loading=\"lazy\" decoding=\"async\" class=\" wp-image-3162 alignright\" src=\"http:\/\/www.penzionhorazdovice.cz\/wp-content\/uploads\/2019\/02\/lod\u011b_2-300x160.jpg\" alt=\"\" width=\"227\" height=\"121\" srcset=\"https:\/\/www.penzionhorazdovice.cz\/wp-content\/uploads\/2019\/02\/lod\u011b_2-300x160.jpg 300w, https:\/\/www.penzionhorazdovice.cz\/wp-content\/uploads\/2019\/02\/lod\u011b_2-768x409.jpg 768w, https:\/\/www.penzionhorazdovice.cz\/wp-content\/uploads\/2019\/02\/lod\u011b_2.jpg 1015w\" sizes=\"auto, (max-width: 227px) 100vw, 227px\" \/><\/p>\n<p><strong>Kryt\u00fd baz\u00e9n <\/strong><a href=\"http:\/\/www.bazen.horazdovice.cz\/\">Aquapark Hora\u017e\u010fovice<\/a> \u2013 25 m dlouh\u00fd plaveck\u00fd baz\u00e9n, tobog\u00e1n, d\u011btsk\u00fd baz\u00e9nek, perli\u010dkov\u00e1 l\u00e1ze\u0148\u2026<\/p>\n<p><strong>Workoutov\u00e9 h\u0159i\u0161t\u011b<\/strong> p\u0159\u00edmo v are\u00e1lu penzionu, stejn\u011b jako mo\u017enost zahr\u00e1t si stoln\u00ed tenis \u010di nohejbal. D\u011btsk\u00e9 h\u0159i\u0161t\u011b.<\/p>\n<p><strong><img loading=\"lazy\" decoding=\"async\" class=\" wp-image-3142 alignleft\" src=\"http:\/\/www.penzionhorazdovice.cz\/wp-content\/uploads\/2019\/02\/workout_1-300x169.jpg\" alt=\"\" width=\"217\" height=\"122\" srcset=\"https:\/\/www.penzionhorazdovice.cz\/wp-content\/uploads\/2019\/02\/workout_1-300x169.jpg 300w, https:\/\/www.penzionhorazdovice.cz\/wp-content\/uploads\/2019\/02\/workout_1-768x432.jpg 768w, https:\/\/www.penzionhorazdovice.cz\/wp-content\/uploads\/2019\/02\/workout_1.jpg 960w\" sizes=\"auto, (max-width: 217px) 100vw, 217px\" \/>Bowling<\/strong> \u2013 v are\u00e1lu penzionu jsou 2 dr\u00e1hy pro 8 hr\u00e1\u010d\u016f<\/p>\n<p><strong>Pot\u00e1p\u011bn\u00ed<\/strong> v bl\u00edzk\u00e9m okol\u00ed \u2013 mo\u017enost zap\u016fj\u010den\u00ed pot\u00e1p\u011b\u010dsk\u00e9 v\u00fdstroje a pln\u011bn\u00ed pot\u00e1p\u011b\u010dsk\u00fdch lahv\u00ed \u2013 <a href=\"http:\/\/www.potapecihorazdovice.wz.cz\/\" target=\"_blank\" rel=\"noopener noreferrer\">Potap\u011b\u010di Hora\u017e\u010fovice<\/a><\/p>\n<p><strong>Horolezeck\u00e1 st\u011bna<\/strong> \u2013 lezen\u00ed na um\u011bl\u00e9 st\u011bn\u011b v m\u00edstn\u00edm <a href=\"http:\/\/www.bazen.horazdovice.cz\/\" target=\"_blank\" rel=\"noopener noreferrer\">aquaparku<\/a>\u00a0pod veden\u00edm instruktor\u016f<\/p>\n<p><strong>Bouldering \u2013<\/strong> nach\u00e1z\u00ed se v objektu penzionu. <a href=\"http:\/\/www.airpoint.cz\/boulder\/\" target=\"_blank\" rel=\"noopener noreferrer\">Balvanboulder<\/a> provozuje <a href=\"http:\/\/www.airpoint.cz\/\" target=\"_blank\" rel=\"noopener noreferrer\">AIR.POINT<\/a><\/p>\n<p><strong>Vyj\u00ed\u017e\u010fky na koni<\/strong> \u2013 v bl\u00edzkosti se nach\u00e1z\u00ed chovn\u00e9 stanice<\/p>\n<p><strong>Paintball<\/strong> \u2013 mo\u017enost hry na n\u011bkolika h\u0159i\u0161t\u00edch v okol\u00ed. Zaji\u0161\u0165uje Paintball TNT<\/p>\n<p><strong>Tipy pro cykloturistiku: <br \/><\/strong><\/p>\n<ul>\n<li><a href=\"https:\/\/www.sumavanet.cz\/horazdovice\/fr.asp?tab=snet&amp;id=5104&amp;burl=&amp;pt=RE\" target=\"_blank\" rel=\"noopener noreferrer\">Jihoz\u00e1padn\u00ed okruh z Hora\u017edovic (40 km)<\/a> : z Hora\u017e\u010fovic se po cyklotrase \u010d. 312 vyd\u00e1te do kopce sm\u011brem na Velk\u00e9 Hyd\u010dice.\u00a0<\/li>\n<li><a href=\"https:\/\/www.sumavanet.cz\/horazdovice\/fr.asp?tab=snet&amp;id=5106&amp;burl=&amp;pt=RE\" target=\"_blank\" rel=\"noopener noreferrer\">Severov\u00fdchodn\u00ed okruh z Hora\u017e\u010fovic (44 km)<\/a> : z Hora\u017e\u010fovic se <strong><img loading=\"lazy\" decoding=\"async\" class=\"wp-image-3145 alignright\" src=\"http:\/\/www.penzionhorazdovice.cz\/wp-content\/uploads\/2019\/02\/riccardo-chiarini-266578-unsplash-300x200.jpg\" alt=\"\" width=\"201\" height=\"134\" \/><\/strong>vyd\u00e1te po cyklotrase \u010d. 312 sm\u011brem na P\u0159edm\u011bst\u00ed, kde za \u017eelezni\u010dn\u00edm mostem zahnete doleva a po cest\u011b mezi rybn\u00edky, lesy a poli pojedete do Bab\u00edna.\u00a0<\/li>\n<li><a href=\"https:\/\/www.sumavanet.cz\/horazdovice\/fr.asp?tab=snet&amp;id=5105&amp;burl=&amp;pt=RE\" target=\"_blank\" rel=\"noopener noreferrer\">Severoz\u00e1padn\u00ed okruh z Hora\u017e\u010fovic (46 km)<\/a> : z Hora\u017e\u010fovic se vyd\u00e1te po cyklotrase \u010d. 2046 sm\u011brem na T\u0159ebomyslice.<\/li>\n<li><a href=\"https:\/\/www.sumavanet.cz\/horazdovice\/fr.asp?tab=snet&amp;id=5107&amp;burl=&amp;pt=RE\" target=\"_blank\" rel=\"noopener noreferrer\">Otavsk\u00e1 cyklistick\u00e1 cesta Hora\u017e\u010fovice \u2013 Strakonice \u010d. 1066<\/a> : cesta vede p\u0159i \u0159ece Otav\u011b \u2013 Hora\u017e\u010fovice, St\u0159elsk\u00e9 Ho\u0161tice, Katovice, Strakonice, \u0160t\u011bke\u0148<strong> <br \/><\/strong><\/li>\n<\/ul>\n<p><strong>Zimn\u00ed radov\u00e1nky:<\/strong><\/p>\n<ul>\n<li><a href=\"http:\/\/www.skikasperky.cz\/\"><strong>Ski Are\u00e1l Ka\u0161perky<\/strong><\/a> je dal\u0161\u00edm men\u0161\u00edm st\u0159ediskem v dojezdov\u00e9 vzd\u00e1lenosti. Nab\u00edz\u00ed 4 upravovan\u00e9 a kompletn\u011b zasn\u011b\u017eovan\u00e9 sjezdovky, vhodn\u00e9 i pro rodiny. Ve\u010dern\u00ed ly\u017eov\u00e1n\u00ed. Snowpark.<\/li>\n<li>Milovn\u00edci bruslen\u00ed mohou vyzkou\u0161et okoln\u00ed rybn\u00edky nebo nav\u0161t\u00edvit <a href=\"https:\/\/www.sportoviste-susice.cz\/zimni-stadion-susice\/\">zimn\u00ed stadion v Su\u0161ici.<\/a> Ve\u0159ejn\u00e9 bruslen\u00ed od listopadu.<\/li>\n<\/ul>\n<p><strong>Tipy pro p\u011b\u0161\u00ed turistiku:<\/strong><\/p>\n<ul>\n<li><a href=\"https:\/\/www.sumavanet.cz\/horazdovice\/fr.asp?tab=snet&amp;id=5108&amp;burl=&amp;pt=RE\" target=\"_blank\" rel=\"noopener noreferrer\">\u010cerven\u00fd okruh<\/a>\u00a0Hora\u017e\u010fovice \u2013 Svat\u00e1 Anna \u2013 Boub\u00edn \u2013 Pr\u00e1che\u0148 \u2013 Hora\u017e\u010fovice (cca 10 km)<\/li>\n<li><a href=\"https:\/\/www.sumavanet.cz\/horazdovice\/fr.asp?tab=snet&amp;id=5109&amp;burl=&amp;pt=RE\" target=\"_blank\" rel=\"noopener noreferrer\">Zelen\u00fd okruh<\/a>\u00a0Hora\u017e\u010fovice \u2013 Ostrov \u2013 V. Hyd\u010dice \u2013 Pr\u00e1che\u0148 \u2013 Hora\u017e\u010fovice (cca 11 km)\u00a0<\/li>\n<li><a href=\"https:\/\/www.sumavanet.cz\/horazdovice\/fr.asp?tab=snet&amp;id=5111&amp;burl=&amp;pt=RE\" target=\"_blank\" rel=\"noopener noreferrer\">\u017dlut\u00fd okruh<\/a>\u00a0Hora\u017e\u010fovice \u2013 St\u0159elsk\u00e9 Ho\u0161tice \u2013 Hora\u017e\u010fovice p\u0159edm\u011bst\u00ed (n\u00e1dra\u017e\u00ed) \u2013 Hora\u017e\u010fovice (cca 12 km)<\/li>\n<\/ul>\n<p><strong>Projekt <a href=\"https:\/\/www.otavskaplavba.cz\/op\/\" target=\"_blank\" rel=\"noopener noreferrer\">Otavsk\u00e1 plavba<\/a>:<\/strong> vodn\u00ed turistika na Otav\u011b m\u00e1 silnou tradici. \u0158eka Otava a jej\u00ed okol\u00ed zajist\u00e9 pot\u011b\u0161\u00ed ka\u017ed\u00e9ho kdo m\u00e1 r\u00e1d romantickou krajinu a pobyt v p\u0159\u00edrod\u011b.<\/p>\n<p><!-- .container --><strong><span style=\"color: #ff0000;\">Dal\u0161\u00ed tipy na v\u00fdlety najdete v \u010d\u00e1sti<\/span> <a href=\"http:\/\/www.penzionhorazdovice.cz\/cs\/okoli\/\">Okol\u00ed penzionu<\/a>.<\/strong><!-- .overlay --><\/p>\n\n\n<figure class=\"wp-block-image\"><img loading=\"lazy\" decoding=\"async\" width=\"1024\" height=\"683\" src=\"http:\/\/www.penzionhorazdovice.cz\/wp-content\/uploads\/2019\/02\/IMG-20180421-WA0016-e1550955462528-1024x683.jpg\" alt=\"\" class=\"wp-image-3136\" srcset=\"https:\/\/www.penzionhorazdovice.cz\/wp-content\/uploads\/2019\/02\/IMG-20180421-WA0016-e1550955462528-1024x683.jpg 1024w, https:\/\/www.penzionhorazdovice.cz\/wp-content\/uploads\/2019\/02\/IMG-20180421-WA0016-e1550955462528-300x200.jpg 300w, https:\/\/www.penzionhorazdovice.cz\/wp-content\/uploads\/2019\/02\/IMG-20180421-WA0016-e1550955462528-768x512.jpg 768w, https:\/\/www.penzionhorazdovice.cz\/wp-content\/uploads\/2019\/02\/IMG-20180421-WA0016-e1550955462528.jpg 1152w\" sizes=\"auto, (max-width: 1024px) 100vw, 1024px\" \/><\/figure>\n","protected":false},"excerpt":{"rendered":"<p>P\u016fj\u010dovna lod\u00ed a p\u0159\u00edslu\u0161enstv\u00ed \u2013 P\u016fj\u010dovna lod\u00ed Otava Kryt\u00fd baz\u00e9n Aquapark Hora\u017e\u010fovice \u2013 25 m dlouh\u00fd plaveck\u00fd baz\u00e9n, tobog\u00e1n, d\u011btsk\u00fd baz\u00e9nek, perli\u010dkov\u00e1 l\u00e1ze\u0148\u2026 Workoutov\u00e9 h\u0159i\u0161t\u011b p\u0159\u00edmo v are\u00e1lu penzionu, stejn\u011b jako mo\u017enost zahr\u00e1t si stoln\u00ed tenis \u010di nohejbal. D\u011btsk\u00e9 h\u0159i\u0161t\u011b. Bowling \u2013 v are\u00e1lu penzionu jsou 2 dr\u00e1hy pro 8 hr\u00e1\u010d\u016f Pot\u00e1p\u011bn\u00ed v bl\u00edzk\u00e9m okol\u00ed<\/p><\/div>\n<div class=\"blog-btn\"><a href=\"https:\/\/www.penzionhorazdovice.cz\/uvod-2\/sport-a-vylety\/\" class=\"home-blog-btn\">Read More<\/a><\/p>\n","protected":false},"author":1,"featured_media":0,"parent":0,"menu_order":0,"comment_status":"closed","ping_status":"closed","template":"","meta":{"footnotes":""},"class_list":["post-706","page","type-page","status-publish","hentry"],"yoast_head":"<!-- This site is optimized with the Yoast SEO plugin v24.7 - https:\/\/yoast.com\/wordpress\/plugins\/seo\/ -->\n<title>Za sportem a na v\u00fdlety - Penzion Houba Hora\u017e\u010fovice<\/title>\n<meta name=\"robots\" content=\"index, follow, max-snippet:-1, max-image-preview:large, max-video-preview:-1\" \/>\n<link rel=\"canonical\" href=\"https:\/\/www.penzionhorazdovice.cz\/uvod-2\/sport-a-vylety\/\" \/>\n<meta property=\"og:locale\" content=\"cs_CZ\" \/>\n<meta property=\"og:type\" content=\"article\" \/>\n<meta property=\"og:title\" content=\"Za sportem a na v\u00fdlety - Penzion Houba Hora\u017e\u010fovice\" \/>\n<meta property=\"og:description\" content=\"P\u016fj\u010dovna lod\u00ed a p\u0159\u00edslu\u0161enstv\u00ed \u2013 P\u016fj\u010dovna lod\u00ed Otava Kryt\u00fd baz\u00e9n Aquapark Hora\u017e\u010fovice \u2013 25 m dlouh\u00fd plaveck\u00fd baz\u00e9n, tobog\u00e1n, d\u011btsk\u00fd baz\u00e9nek, perli\u010dkov\u00e1 l\u00e1ze\u0148\u2026 Workoutov\u00e9 h\u0159i\u0161t\u011b p\u0159\u00edmo v are\u00e1lu penzionu, stejn\u011b jako mo\u017enost zahr\u00e1t si stoln\u00ed tenis \u010di nohejbal. D\u011btsk\u00e9 h\u0159i\u0161t\u011b. Bowling \u2013 v are\u00e1lu penzionu jsou 2 dr\u00e1hy pro 8 hr\u00e1\u010d\u016f Pot\u00e1p\u011bn\u00ed v bl\u00edzk\u00e9m okol\u00edRead More\" \/>\n<meta property=\"og:url\" content=\"https:\/\/www.penzionhorazdovice.cz\/uvod-2\/sport-a-vylety\/\" \/>\n<meta property=\"og:site_name\" content=\"Penzion Houba Hora\u017e\u010fovice\" \/>\n<meta property=\"article:publisher\" content=\"https:\/\/www.facebook.com\/groups\/126645690738590\/\" \/>\n<meta property=\"article:modified_time\" content=\"2026-02-24T16:22:35+00:00\" \/>\n<meta property=\"og:image\" content=\"http:\/\/www.penzionhorazdovice.cz\/wp-content\/uploads\/2019\/02\/workout_1-300x169.jpg\" \/>\n<meta name=\"twitter:card\" content=\"summary_large_image\" \/>\n<meta name=\"twitter:label1\" content=\"Odhadovan\u00e1 doba \u010dten\u00ed\" \/>\n\t<meta name=\"twitter:data1\" content=\"3 minuty\" \/>\n<script type=\"application\/ld+json\" class=\"yoast-schema-graph\">{\"@context\":\"https:\/\/schema.org\",\"@graph\":[{\"@type\":\"WebPage\",\"@id\":\"https:\/\/www.penzionhorazdovice.cz\/uvod-2\/sport-a-vylety\/\",\"url\":\"https:\/\/www.penzionhorazdovice.cz\/uvod-2\/sport-a-vylety\/\",\"name\":\"Za sportem a na v\u00fdlety - Penzion Houba Hora\u017e\u010fovice\",\"isPartOf\":{\"@id\":\"https:\/\/www.penzionhorazdovice.cz\/uvod-2\/#website\"},\"primaryImageOfPage\":{\"@id\":\"https:\/\/www.penzionhorazdovice.cz\/uvod-2\/sport-a-vylety\/#primaryimage\"},\"image\":{\"@id\":\"https:\/\/www.penzionhorazdovice.cz\/uvod-2\/sport-a-vylety\/#primaryimage\"},\"thumbnailUrl\":\"http:\/\/www.penzionhorazdovice.cz\/wp-content\/uploads\/2019\/02\/workout_1-300x169.jpg\",\"datePublished\":\"2019-02-05T21:10:51+00:00\",\"dateModified\":\"2026-02-24T16:22:35+00:00\",\"breadcrumb\":{\"@id\":\"https:\/\/www.penzionhorazdovice.cz\/uvod-2\/sport-a-vylety\/#breadcrumb\"},\"inLanguage\":\"cs\",\"potentialAction\":[{\"@type\":\"ReadAction\",\"target\":[\"https:\/\/www.penzionhorazdovice.cz\/uvod-2\/sport-a-vylety\/\"]}]},{\"@type\":\"ImageObject\",\"inLanguage\":\"cs\",\"@id\":\"https:\/\/www.penzionhorazdovice.cz\/uvod-2\/sport-a-vylety\/#primaryimage\",\"url\":\"http:\/\/www.penzionhorazdovice.cz\/wp-content\/uploads\/2019\/02\/workout_1-300x169.jpg\",\"contentUrl\":\"http:\/\/www.penzionhorazdovice.cz\/wp-content\/uploads\/2019\/02\/workout_1-300x169.jpg\"},{\"@type\":\"BreadcrumbList\",\"@id\":\"https:\/\/www.penzionhorazdovice.cz\/uvod-2\/sport-a-vylety\/#breadcrumb\",\"itemListElement\":[{\"@type\":\"ListItem\",\"position\":1,\"name\":\"Dom\u016f\",\"item\":\"https:\/\/www.penzionhorazdovice.cz\/uvod-2\/\"},{\"@type\":\"ListItem\",\"position\":2,\"name\":\"Za sportem a na v\u00fdlety\"}]},{\"@type\":\"WebSite\",\"@id\":\"https:\/\/www.penzionhorazdovice.cz\/uvod-2\/#website\",\"url\":\"https:\/\/www.penzionhorazdovice.cz\/uvod-2\/\",\"name\":\"Penzion Houba\",\"description\":\"Ubytov\u00e1n\u00ed v Po\u0161umav\u00ed\",\"potentialAction\":[{\"@type\":\"SearchAction\",\"target\":{\"@type\":\"EntryPoint\",\"urlTemplate\":\"https:\/\/www.penzionhorazdovice.cz\/uvod-2\/?s={search_term_string}\"},\"query-input\":{\"@type\":\"PropertyValueSpecification\",\"valueRequired\":true,\"valueName\":\"search_term_string\"}}],\"inLanguage\":\"cs\"}]}<\/script>\n<!-- \/ Yoast SEO plugin. -->","yoast_head_json":{"title":"Za sportem a na v\u00fdlety - Penzion Houba Hora\u017e\u010fovice","robots":{"index":"index","follow":"follow","max-snippet":"max-snippet:-1","max-image-preview":"max-image-preview:large","max-video-preview":"max-video-preview:-1"},"canonical":"https:\/\/www.penzionhorazdovice.cz\/uvod-2\/sport-a-vylety\/","og_locale":"cs_CZ","og_type":"article","og_title":"Za sportem a na v\u00fdlety - Penzion Houba Hora\u017e\u010fovice","og_description":"P\u016fj\u010dovna lod\u00ed a p\u0159\u00edslu\u0161enstv\u00ed \u2013 P\u016fj\u010dovna lod\u00ed Otava Kryt\u00fd baz\u00e9n Aquapark Hora\u017e\u010fovice \u2013 25 m dlouh\u00fd plaveck\u00fd baz\u00e9n, tobog\u00e1n, d\u011btsk\u00fd baz\u00e9nek, perli\u010dkov\u00e1 l\u00e1ze\u0148\u2026 Workoutov\u00e9 h\u0159i\u0161t\u011b p\u0159\u00edmo v are\u00e1lu penzionu, stejn\u011b jako mo\u017enost zahr\u00e1t si stoln\u00ed tenis \u010di nohejbal. D\u011btsk\u00e9 h\u0159i\u0161t\u011b. Bowling \u2013 v are\u00e1lu penzionu jsou 2 dr\u00e1hy pro 8 hr\u00e1\u010d\u016f Pot\u00e1p\u011bn\u00ed v bl\u00edzk\u00e9m okol\u00edRead More","og_url":"https:\/\/www.penzionhorazdovice.cz\/uvod-2\/sport-a-vylety\/","og_site_name":"Penzion Houba Hora\u017e\u010fovice","article_publisher":"https:\/\/www.facebook.com\/groups\/126645690738590\/","article_modified_time":"2026-02-24T16:22:35+00:00","og_image":[{"url":"http:\/\/www.penzionhorazdovice.cz\/wp-content\/uploads\/2019\/02\/workout_1-300x169.jpg","type":"","width":"","height":""}],"twitter_card":"summary_large_image","twitter_misc":{"Odhadovan\u00e1 doba \u010dten\u00ed":"3 minuty"},"schema":{"@context":"https:\/\/schema.org","@graph":[{"@type":"WebPage","@id":"https:\/\/www.penzionhorazdovice.cz\/uvod-2\/sport-a-vylety\/","url":"https:\/\/www.penzionhorazdovice.cz\/uvod-2\/sport-a-vylety\/","name":"Za sportem a na v\u00fdlety - Penzion Houba Hora\u017e\u010fovice","isPartOf":{"@id":"https:\/\/www.penzionhorazdovice.cz\/uvod-2\/#website"},"primaryImageOfPage":{"@id":"https:\/\/www.penzionhorazdovice.cz\/uvod-2\/sport-a-vylety\/#primaryimage"},"image":{"@id":"https:\/\/www.penzionhorazdovice.cz\/uvod-2\/sport-a-vylety\/#primaryimage"},"thumbnailUrl":"http:\/\/www.penzionhorazdovice.cz\/wp-content\/uploads\/2019\/02\/workout_1-300x169.jpg","datePublished":"2019-02-05T21:10:51+00:00","dateModified":"2026-02-24T16:22:35+00:00","breadcrumb":{"@id":"https:\/\/www.penzionhorazdovice.cz\/uvod-2\/sport-a-vylety\/#breadcrumb"},"inLanguage":"cs","potentialAction":[{"@type":"ReadAction","target":["https:\/\/www.penzionhorazdovice.cz\/uvod-2\/sport-a-vylety\/"]}]},{"@type":"ImageObject","inLanguage":"cs","@id":"https:\/\/www.penzionhorazdovice.cz\/uvod-2\/sport-a-vylety\/#primaryimage","url":"http:\/\/www.penzionhorazdovice.cz\/wp-content\/uploads\/2019\/02\/workout_1-300x169.jpg","contentUrl":"http:\/\/www.penzionhorazdovice.cz\/wp-content\/uploads\/2019\/02\/workout_1-300x169.jpg"},{"@type":"BreadcrumbList","@id":"https:\/\/www.penzionhorazdovice.cz\/uvod-2\/sport-a-vylety\/#breadcrumb","itemListElement":[{"@type":"ListItem","position":1,"name":"Dom\u016f","item":"https:\/\/www.penzionhorazdovice.cz\/uvod-2\/"},{"@type":"ListItem","position":2,"name":"Za sportem a na v\u00fdlety"}]},{"@type":"WebSite","@id":"https:\/\/www.penzionhorazdovice.cz\/uvod-2\/#website","url":"https:\/\/www.penzionhorazdovice.cz\/uvod-2\/","name":"Penzion Houba","description":"Ubytov\u00e1n\u00ed v Po\u0161umav\u00ed","potentialAction":[{"@type":"SearchAction","target":{"@type":"EntryPoint","urlTemplate":"https:\/\/www.penzionhorazdovice.cz\/uvod-2\/?s={search_term_string}"},"query-input":{"@type":"PropertyValueSpecification","valueRequired":true,"valueName":"search_term_string"}}],"inLanguage":"cs"}]}},"_links":{"self":[{"href":"https:\/\/www.penzionhorazdovice.cz\/uvod-2\/wp-json\/wp\/v2\/pages\/706","targetHints":{"allow":["GET"]}}],"collection":[{"href":"https:\/\/www.penzionhorazdovice.cz\/uvod-2\/wp-json\/wp\/v2\/pages"}],"about":[{"href":"https:\/\/www.penzionhorazdovice.cz\/uvod-2\/wp-json\/wp\/v2\/types\/page"}],"author":[{"embeddable":true,"href":"https:\/\/www.penzionhorazdovice.cz\/uvod-2\/wp-json\/wp\/v2\/users\/1"}],"replies":[{"embeddable":true,"href":"https:\/\/www.penzionhorazdovice.cz\/uvod-2\/wp-json\/wp\/v2\/comments?post=706"}],"version-history":[{"count":152,"href":"https:\/\/www.penzionhorazdovice.cz\/uvod-2\/wp-json\/wp\/v2\/pages\/706\/revisions"}],"predecessor-version":[{"id":18534,"href":"https:\/\/www.penzionhorazdovice.cz\/uvod-2\/wp-json\/wp\/v2\/pages\/706\/revisions\/18534"}],"wp:attachment":[{"href":"https:\/\/www.penzionhorazdovice.cz\/uvod-2\/wp-json\/wp\/v2\/media?parent=706"}],"curies":[{"name":"wp","href":"https:\/\/api.w.org\/{rel}","templated":true}]}}